{"id":7051,"date":"2026-05-01T12:08:41","date_gmt":"2026-05-01T10:08:41","guid":{"rendered":"https:\/\/mbfr.org\/?page_id=7051"},"modified":"2026-05-01T12:10:22","modified_gmt":"2026-05-01T10:10:22","slug":"rheinlandstammtisch-am-samstag-den-2-05-2026-in-koeln","status":"publish","type":"page","link":"https:\/\/mbfr.org\/index.php\/termine\/rheinlandstammtisch-am-samstag-den-2-05-2026-in-koeln\/","title":{"rendered":"Rheinlandstammtisch am Samstag den 2.05.2026 in K\u00f6ln"},"content":{"rendered":"\n<p>Hallo zusammen,<\/p>\n\n\n\n<p>wir laden zum n\u00e4chsten Stammtisch in K\u00f6ln am Samstag, den 2.5.2026.<br>Dies mal in Shenanigans <a href=\"https:\/\/shenanigans-koeln.de\/\" target=\"_blank\" rel=\"noreferrer noopener\">https:\/\/shenanigans-koeln.de\/<\/a> Agrippastra\u00dfe 6, 50676 K\u00f6ln.<br>Wir treffen uns direkt um 17 Uhr zum Lego spielen (also bringt alle Eure Lego Spiele, vom Kindergeburtstagen oder gem\u00fctlichen Spiele Abenden mit)<br>Gegen 19 Uhr m\u00f6chten wir etwas Essen und dann den Abend gem\u00fctlich beim Austausch ausklingen lassen.<\/p>\n\n\n\n<p>\u00dcber vorheriger Anmeldung bis zum 29.4.26 zur besserer Planung w\u00fcrden wir uns freuen unter overbergandreas(at)gmail.com.<\/p>\n\n\n\n<p>Mit freundlichen Gr\u00fc\u00dfen<br>Andy<\/p>\n","protected":false},"excerpt":{"rendered":"<p>Hallo zusammen, wir laden zum n\u00e4chsten Stammtisch in K\u00f6ln am Samstag, den 2.5.2026.Dies mal in Shenanigans https:\/\/shenanigans-koeln.de\/ Agrippastra\u00dfe 6, 50676 K\u00f6ln.Wir treffen uns direkt um 17 Uhr zum Lego spielen (also bringt alle Eure Lego Spiele, vom Kindergeburtstagen oder gem\u00fctlichen Spiele Abenden mit)Gegen 19 Uhr m\u00f6chten wir etwas Essen und dann den Abend gem\u00fctlich beim [&hellip;]<\/p>\n","protected":false},"author":1,"featured_media":0,"parent":6993,"menu_order":0,"comment_status":"closed","ping_status":"closed","template":"","meta":{"_bbp_topic_count":0,"_bbp_reply_count":0,"_bbp_total_topic_count":0,"_bbp_total_reply_count":0,"_bbp_voice_count":0,"_bbp_anonymous_reply_count":0,"_bbp_topic_count_hidden":0,"_bbp_reply_count_hidden":0,"_bbp_forum_subforum_count":0,"footnotes":""},"class_list":["post-7051","page","type-page","status-publish","hentry"],"_links":{"self":[{"href":"https:\/\/mbfr.org\/index.php\/wp-json\/wp\/v2\/pages\/7051","targetHints":{"allow":["GET"]}}],"collection":[{"href":"https:\/\/mbfr.org\/index.php\/wp-json\/wp\/v2\/pages"}],"about":[{"href":"https:\/\/mbfr.org\/index.php\/wp-json\/wp\/v2\/types\/page"}],"author":[{"embeddable":true,"href":"https:\/\/mbfr.org\/index.php\/wp-json\/wp\/v2\/users\/1"}],"replies":[{"embeddable":true,"href":"https:\/\/mbfr.org\/index.php\/wp-json\/wp\/v2\/comments?post=7051"}],"version-history":[{"count":1,"href":"https:\/\/mbfr.org\/index.php\/wp-json\/wp\/v2\/pages\/7051\/revisions"}],"predecessor-version":[{"id":7052,"href":"https:\/\/mbfr.org\/index.php\/wp-json\/wp\/v2\/pages\/7051\/revisions\/7052"}],"up":[{"embeddable":true,"href":"https:\/\/mbfr.org\/index.php\/wp-json\/wp\/v2\/pages\/6993"}],"wp:attachment":[{"href":"https:\/\/mbfr.org\/index.php\/wp-json\/wp\/v2\/media?parent=7051"}],"curies":[{"name":"wp","href":"https:\/\/api.w.org\/{rel}","templated":true}]}}