{"id":7041,"date":"2026-03-03T17:50:08","date_gmt":"2026-03-03T16:50:08","guid":{"rendered":"https:\/\/mbfr.org\/?page_id=7041"},"modified":"2026-05-02T15:58:59","modified_gmt":"2026-05-02T13:58:59","slug":"burg-vondern-2026","status":"publish","type":"page","link":"https:\/\/mbfr.org\/index.php\/veranstaltungen\/burg-vondern-2026\/","title":{"rendered":"LEGO\u00ae-Fan Ausstellung auf Burg Vondern in Oberhausen 2026"},"content":{"rendered":"\n<h2 class=\"wp-block-heading\">Ein freundliches Hallo an alle Fans der kleinen Bausteinchen,<\/h2>\n\n\n\n<figure class=\"wp-block-image aligncenter\"><img decoding=\"async\" src=\"https:\/\/mbfr.org\/gallery\/2429-020526110624.jpeg\" alt=\"\"\/><\/figure>\n\n\n\n<p>Nach dem Erfolg der Ausstellung in 2024 und 2025 wurde mit dem Vorstand des &#8222;F\u00f6rderkreises der Burg Vondern&#8220; ein neuer Termin<br>f\u00fcr dieses Jahr vereinbart:<br><br><strong>es ist das Wochenende am 03.\/04.Oktober 2026<br>&nbsp;<\/strong><br>Wie im letzten Jahr findet die Ausstellung in der Remise statt.<br><br><strong>Der Eintritt ist frei<\/strong><\/p>\n\n\n\n<p>Adresse:&nbsp; Burg Vondern&nbsp; &nbsp; &nbsp; Armin Stra\u00dfe 65,&nbsp; &nbsp;46117 Oberhausen<br>Telefon: 0208 896297<\/p>\n\n\n\n<p>Wenn Ihr Interesse habt und Eure Sch\u00e4tze der \u00d6ffentlichkeit pr\u00e4sentieren m\u00f6chtet, meldet euch bitte bis zum 31.07.2026 unter Ludger.Willeke@online.de an.<\/p>\n\n\n\n<p class=\"has-text-align-center\">-> <a href=\"https:\/\/mbfr.org\/wp-content\/uploads\/2026\/05\/NAME-Anmeldung-zur-Ausstellung_Burg-Vondern-2026.xlsx\" data-type=\"attachment\" data-id=\"7058\">Anmeldeformular Burg Vondern 2026<\/a> &lt;-<\/p>\n\n\n\n<p>viele Gr\u00fc\u00dfe aus dem Pott<\/p>\n\n\n\n<p>Ludger<\/p>\n\n\n\n<p><\/p>\n","protected":false},"excerpt":{"rendered":"<p>Ein freundliches Hallo an alle Fans der kleinen Bausteinchen, Nach dem Erfolg der Ausstellung in 2024 und 2025 wurde mit dem Vorstand des &#8222;F\u00f6rderkreises der Burg Vondern&#8220; ein neuer Terminf\u00fcr dieses Jahr vereinbart: es ist das Wochenende am 03.\/04.Oktober 2026&nbsp;Wie im letzten Jahr findet die Ausstellung in der Remise statt. Der Eintritt ist frei Adresse:&nbsp; [&hellip;]<\/p>\n","protected":false},"author":1,"featured_media":0,"parent":6991,"menu_order":0,"comment_status":"closed","ping_status":"closed","template":"","meta":{"_bbp_topic_count":0,"_bbp_reply_count":0,"_bbp_total_topic_count":0,"_bbp_total_reply_count":0,"_bbp_voice_count":0,"_bbp_anonymous_reply_count":0,"_bbp_topic_count_hidden":0,"_bbp_reply_count_hidden":0,"_bbp_forum_subforum_count":0,"footnotes":""},"class_list":["post-7041","page","type-page","status-publish","hentry"],"_links":{"self":[{"href":"https:\/\/mbfr.org\/index.php\/wp-json\/wp\/v2\/pages\/7041","targetHints":{"allow":["GET"]}}],"collection":[{"href":"https:\/\/mbfr.org\/index.php\/wp-json\/wp\/v2\/pages"}],"about":[{"href":"https:\/\/mbfr.org\/index.php\/wp-json\/wp\/v2\/types\/page"}],"author":[{"embeddable":true,"href":"https:\/\/mbfr.org\/index.php\/wp-json\/wp\/v2\/users\/1"}],"replies":[{"embeddable":true,"href":"https:\/\/mbfr.org\/index.php\/wp-json\/wp\/v2\/comments?post=7041"}],"version-history":[{"count":4,"href":"https:\/\/mbfr.org\/index.php\/wp-json\/wp\/v2\/pages\/7041\/revisions"}],"predecessor-version":[{"id":7060,"href":"https:\/\/mbfr.org\/index.php\/wp-json\/wp\/v2\/pages\/7041\/revisions\/7060"}],"up":[{"embeddable":true,"href":"https:\/\/mbfr.org\/index.php\/wp-json\/wp\/v2\/pages\/6991"}],"wp:attachment":[{"href":"https:\/\/mbfr.org\/index.php\/wp-json\/wp\/v2\/media?parent=7041"}],"curies":[{"name":"wp","href":"https:\/\/api.w.org\/{rel}","templated":true}]}}