{"id":7039,"date":"2026-03-03T17:47:46","date_gmt":"2026-03-03T16:47:46","guid":{"rendered":"https:\/\/mbfr.org\/?page_id=7039"},"modified":"2026-03-03T17:47:46","modified_gmt":"2026-03-03T16:47:46","slug":"mbfr-brickolonia-2026","status":"publish","type":"page","link":"https:\/\/mbfr.org\/index.php\/veranstaltungen\/mbfr-brickolonia-2026\/","title":{"rendered":"MBFR Brickolonia 2026"},"content":{"rendered":"\n<h2 class=\"wp-block-heading\"><strong>LEGO\u00ae Fan Ausstellung<br>MBFR Brickolonia<br>25.\/26. April 2026<\/strong><\/h2>\n\n\n\n<p><em>Im Pfarrsaal St. Konrad<br>Pirolweg 1, 50829 K\u00f6ln<\/em><\/p>\n\n\n\n<p>Preis Erw. 5\u20ac, Kind ab 3 J 3\u20ac<br>Familienkarte pro Pers. 3 \u20ac<\/p>\n\n\n\n<p>Samstag von 10 bis 18 Uhr<br>Sonntag von 10 bis 17 Uhr<\/p>\n\n\n\n<p>Mit Spiel und Spa\u00df, Erfrischung &amp; H\u00e4ppchen.<\/p>\n\n\n\n<p><mark><strong>Werde ein Teil der Ausstellung,<br>baue etwas und bringe es zur Ausstellung mit.<\/strong><\/mark><\/p>\n\n\n\n<p>Bau auf einer Platte ein Geb\u00e4ude, einen Park oder was immer dir einf\u00e4llt f\u00fcr unsere LEGO\u00ae City<\/p>\n\n\n\n<p>Bring dein Meisterwerk am 25. oder 26. April zur Ausstellung nach K\u00f6ln-Vogelsang<\/p>\n\n\n\n<p>Die Besucher bewerten dein Meisterwerk und Du kannst einen tollen Preis gewinnen<\/p>\n\n\n\n<p><mark>Bedingungen:<\/mark><\/p>\n\n\n\n<ul class=\"wp-block-list\">\n<li>Die Teilnahme ist bis 18 Jahren begrenzt<\/li>\n\n\n\n<li>Jeder Teilnehmende erh\u00e4lt einen Abholschein mit dem das Bauwerk wieder abgeholt werden kann<\/li>\n\n\n\n<li>F\u00fcr das ausgestellte Bauwerk \u00fcbernimmt der Aussteller keine Haftung<\/li>\n\n\n\n<li>Der Rechtsweg f\u00fcr die Preisausschreibung ist ausgeschlossen<\/li>\n\n\n\n<li>Formlose Anmeldung bitte an <a href=\"mailto:baumituns@mbfr.org\">baumituns@mbfr.org<\/a><\/li>\n\n\n\n<li>Wir behalten uns vor Teilnehmende ohne Angabe von Gr\u00fcnden auszuschlie\u00dfen: Folgende Bauwerke werden in keinem Fall ausgestellt: Bauwerke die religi\u00f6se oder politische Gef\u00fchle verletzen und\/oder reale Kriegsszenen und\/oder zeitgen\u00f6ssisches Milit\u00e4r zeigen<\/li>\n<\/ul>\n\n\n\n<ul class=\"wp-block-list\">\n<li>Die Teilnahme f\u00fcr jedes Bauwerk ist auf einen Tag beschr\u00e4nkt<\/li>\n\n\n\n<li>Teilnehmende haben am Tag freien Eintritt. Begleitpersonen bezahlen den regul\u00e4ren Eintritt<\/li>\n\n\n\n<li>Das Bauwerk muss auf einer Platte mit dem Noppenformat 16\u00d716, 16\u00d732 oder 32\u00d732 Noppen stehen<\/li>\n\n\n\n<li>Bilder deines Meisterwerks d\u00fcrfen ver\u00f6ffentlicht werden<\/li>\n\n\n\n<li>Solltest Du einen Preis gewinnen, d\u00fcrfen Bilder von Dir ver\u00f6ffentlicht werden<\/li>\n<\/ul>\n","protected":false},"excerpt":{"rendered":"<p>LEGO\u00ae Fan AusstellungMBFR Brickolonia25.\/26. April 2026 Im Pfarrsaal St. KonradPirolweg 1, 50829 K\u00f6ln Preis Erw. 5\u20ac, Kind ab 3 J 3\u20acFamilienkarte pro Pers. 3 \u20ac Samstag von 10 bis 18 UhrSonntag von 10 bis 17 Uhr Mit Spiel und Spa\u00df, Erfrischung &amp; H\u00e4ppchen. Werde ein Teil der Ausstellung,baue etwas und bringe es zur Ausstellung mit. [&hellip;]<\/p>\n","protected":false},"author":1,"featured_media":0,"parent":6991,"menu_order":0,"comment_status":"closed","ping_status":"closed","template":"","meta":{"_bbp_topic_count":0,"_bbp_reply_count":0,"_bbp_total_topic_count":0,"_bbp_total_reply_count":0,"_bbp_voice_count":0,"_bbp_anonymous_reply_count":0,"_bbp_topic_count_hidden":0,"_bbp_reply_count_hidden":0,"_bbp_forum_subforum_count":0,"footnotes":""},"class_list":["post-7039","page","type-page","status-publish","hentry"],"_links":{"self":[{"href":"https:\/\/mbfr.org\/index.php\/wp-json\/wp\/v2\/pages\/7039","targetHints":{"allow":["GET"]}}],"collection":[{"href":"https:\/\/mbfr.org\/index.php\/wp-json\/wp\/v2\/pages"}],"about":[{"href":"https:\/\/mbfr.org\/index.php\/wp-json\/wp\/v2\/types\/page"}],"author":[{"embeddable":true,"href":"https:\/\/mbfr.org\/index.php\/wp-json\/wp\/v2\/users\/1"}],"replies":[{"embeddable":true,"href":"https:\/\/mbfr.org\/index.php\/wp-json\/wp\/v2\/comments?post=7039"}],"version-history":[{"count":1,"href":"https:\/\/mbfr.org\/index.php\/wp-json\/wp\/v2\/pages\/7039\/revisions"}],"predecessor-version":[{"id":7040,"href":"https:\/\/mbfr.org\/index.php\/wp-json\/wp\/v2\/pages\/7039\/revisions\/7040"}],"up":[{"embeddable":true,"href":"https:\/\/mbfr.org\/index.php\/wp-json\/wp\/v2\/pages\/6991"}],"wp:attachment":[{"href":"https:\/\/mbfr.org\/index.php\/wp-json\/wp\/v2\/media?parent=7039"}],"curies":[{"name":"wp","href":"https:\/\/api.w.org\/{rel}","templated":true}]}}