{"id":7016,"date":"2026-02-21T10:58:32","date_gmt":"2026-02-21T09:58:32","guid":{"rendered":"https:\/\/mbfr.org\/?page_id=7016"},"modified":"2026-02-21T10:58:32","modified_gmt":"2026-02-21T09:58:32","slug":"rheinlandstammtisch-am-samstag-7-3-2026-in-koeln","status":"publish","type":"page","link":"https:\/\/mbfr.org\/index.php\/termine\/rheinlandstammtisch-am-samstag-7-3-2026-in-koeln\/","title":{"rendered":"Rheinlandstammtisch am Samstag 7.3.2026 in K\u00f6ln"},"content":{"rendered":"\n<p>Hallo zusammen<br>nach Karneval ist wieder der Stammtisch in K\u00f6ln.<\/p>\n\n\n\n<p>am Samstag, den 7.3.2026 laden wir zum Lego-Stammtisch ein:<\/p>\n\n\n\n<p>um 17.00 Uhr treffen im Lego Store K\u00f6ln<br>anschlie\u00dfend<br>Gehen wir in <em>Das kleine Steakhaus<\/em>.<br><a href=\"https:\/\/www.daskleinesteakhaus.de\/\" target=\"_blank\" rel=\"noreferrer noopener\">https:\/\/www.daskleinesteakhaus.de\/<\/a><\/p>\n\n\n\n<p>Bitte meldet Euch bis zum 04.03.2026 bei overberg(at)arcor.de<br><\/p>\n\n\n\n<p>Mit freundlichen Gr\u00fc\u00dfen<br>Andy<\/p>\n","protected":false},"excerpt":{"rendered":"<p>Hallo zusammennach Karneval ist wieder der Stammtisch in K\u00f6ln. am Samstag, den 7.3.2026 laden wir zum Lego-Stammtisch ein: um 17.00 Uhr treffen im Lego Store K\u00f6lnanschlie\u00dfendGehen wir in Das kleine Steakhaus.https:\/\/www.daskleinesteakhaus.de\/ Bitte meldet Euch bis zum 04.03.2026 bei overberg(at)arcor.de Mit freundlichen Gr\u00fc\u00dfenAndy<\/p>\n","protected":false},"author":1,"featured_media":0,"parent":6993,"menu_order":0,"comment_status":"closed","ping_status":"closed","template":"","meta":{"_bbp_topic_count":0,"_bbp_reply_count":0,"_bbp_total_topic_count":0,"_bbp_total_reply_count":0,"_bbp_voice_count":0,"_bbp_anonymous_reply_count":0,"_bbp_topic_count_hidden":0,"_bbp_reply_count_hidden":0,"_bbp_forum_subforum_count":0,"footnotes":""},"class_list":["post-7016","page","type-page","status-publish","hentry"],"_links":{"self":[{"href":"https:\/\/mbfr.org\/index.php\/wp-json\/wp\/v2\/pages\/7016","targetHints":{"allow":["GET"]}}],"collection":[{"href":"https:\/\/mbfr.org\/index.php\/wp-json\/wp\/v2\/pages"}],"about":[{"href":"https:\/\/mbfr.org\/index.php\/wp-json\/wp\/v2\/types\/page"}],"author":[{"embeddable":true,"href":"https:\/\/mbfr.org\/index.php\/wp-json\/wp\/v2\/users\/1"}],"replies":[{"embeddable":true,"href":"https:\/\/mbfr.org\/index.php\/wp-json\/wp\/v2\/comments?post=7016"}],"version-history":[{"count":1,"href":"https:\/\/mbfr.org\/index.php\/wp-json\/wp\/v2\/pages\/7016\/revisions"}],"predecessor-version":[{"id":7017,"href":"https:\/\/mbfr.org\/index.php\/wp-json\/wp\/v2\/pages\/7016\/revisions\/7017"}],"up":[{"embeddable":true,"href":"https:\/\/mbfr.org\/index.php\/wp-json\/wp\/v2\/pages\/6993"}],"wp:attachment":[{"href":"https:\/\/mbfr.org\/index.php\/wp-json\/wp\/v2\/media?parent=7016"}],"curies":[{"name":"wp","href":"https:\/\/api.w.org\/{rel}","templated":true}]}}