{"id":7006,"date":"2026-02-08T15:39:23","date_gmt":"2026-02-08T14:39:23","guid":{"rendered":"https:\/\/mbfr.org\/?page_id=7006"},"modified":"2026-03-03T17:41:41","modified_gmt":"2026-03-03T16:41:41","slug":"rheinlandstammtisch-am-13-06-2026-in-oberhausen","status":"publish","type":"page","link":"https:\/\/mbfr.org\/index.php\/termine\/rheinlandstammtisch-am-13-06-2026-in-oberhausen\/","title":{"rendered":"Rheinlandstammtisch am 13.06.2026 in Oberhausen"},"content":{"rendered":"\n<p><strong>Liebe Fans der bunten ABS-Steinchen,<\/strong><\/p>\n\n\n\n<p><\/p>\n\n\n\n<p>Herzliche Einladung zu unserem Stammtisch in Oberhausen<br><br>wie immer beginnt unser heutiger Tag mit einem Shopping im<\/p>\n\n\n\n<p>LEGO\u00ae Store Oberhausen, Centro ab 16.00 Uhr<\/p>\n\n\n\n<p>danach begeben wir uns zur St\u00e4rkung und zum Plausch ab ca. 18:00 Uhr in das Restaurant:<\/p>\n\n\n\n<p><strong>Ristorante Waldhof, Bottroperstr. 322, 46117 Oberhausen<\/strong><br>(Das Lokal liegt hinter der Freizeithalle Revierpark Vonderort und ist mit dem Bus &#8222;SB91&#8220; zu erreichen)<\/p>\n\n\n\n<p>Dort ist ein Tisch f\u00fcr uns unter Modellbaufans reserviert.<br>Bitte meldet Euch f\u00fcr den Stammtisch bis Dienstag Mittag, den 09.06.2026 unter ludger.willeke(at)online.de, damit wir ausreichend Pl\u00e4tze reservieren k\u00f6nnen. Danke.<\/p>\n\n\n\n<p>viele Gr\u00fc\u00dfe aus dem Pott<\/p>\n\n\n\n<p>Ludger<\/p>\n","protected":false},"excerpt":{"rendered":"<p>Liebe Fans der bunten ABS-Steinchen, Herzliche Einladung zu unserem Stammtisch in Oberhausen wie immer beginnt unser heutiger Tag mit einem Shopping im LEGO\u00ae Store Oberhausen, Centro ab 16.00 Uhr danach begeben wir uns zur St\u00e4rkung und zum Plausch ab ca. 18:00 Uhr in das Restaurant: Ristorante Waldhof, Bottroperstr. 322, 46117 Oberhausen(Das Lokal liegt hinter der [&hellip;]<\/p>\n","protected":false},"author":1,"featured_media":0,"parent":6993,"menu_order":0,"comment_status":"closed","ping_status":"closed","template":"","meta":{"_bbp_topic_count":0,"_bbp_reply_count":0,"_bbp_total_topic_count":0,"_bbp_total_reply_count":0,"_bbp_voice_count":0,"_bbp_anonymous_reply_count":0,"_bbp_topic_count_hidden":0,"_bbp_reply_count_hidden":0,"_bbp_forum_subforum_count":0,"footnotes":""},"class_list":["post-7006","page","type-page","status-publish","hentry"],"_links":{"self":[{"href":"https:\/\/mbfr.org\/index.php\/wp-json\/wp\/v2\/pages\/7006","targetHints":{"allow":["GET"]}}],"collection":[{"href":"https:\/\/mbfr.org\/index.php\/wp-json\/wp\/v2\/pages"}],"about":[{"href":"https:\/\/mbfr.org\/index.php\/wp-json\/wp\/v2\/types\/page"}],"author":[{"embeddable":true,"href":"https:\/\/mbfr.org\/index.php\/wp-json\/wp\/v2\/users\/1"}],"replies":[{"embeddable":true,"href":"https:\/\/mbfr.org\/index.php\/wp-json\/wp\/v2\/comments?post=7006"}],"version-history":[{"count":3,"href":"https:\/\/mbfr.org\/index.php\/wp-json\/wp\/v2\/pages\/7006\/revisions"}],"predecessor-version":[{"id":7035,"href":"https:\/\/mbfr.org\/index.php\/wp-json\/wp\/v2\/pages\/7006\/revisions\/7035"}],"up":[{"embeddable":true,"href":"https:\/\/mbfr.org\/index.php\/wp-json\/wp\/v2\/pages\/6993"}],"wp:attachment":[{"href":"https:\/\/mbfr.org\/index.php\/wp-json\/wp\/v2\/media?parent=7006"}],"curies":[{"name":"wp","href":"https:\/\/api.w.org\/{rel}","templated":true}]}}