{"id":3,"date":"2025-10-20T13:58:00","date_gmt":"2025-10-20T11:58:00","guid":{"rendered":"https:\/\/mbfr.org\/?page_id=3"},"modified":"2025-10-21T11:33:18","modified_gmt":"2025-10-21T09:33:18","slug":"datenschutzerklaerung","status":"publish","type":"page","link":"https:\/\/mbfr.org\/index.php\/datenschutzerklaerung\/","title":{"rendered":"Datenschutzerkl\u00e4rung"},"content":{"rendered":"\n<h2 class=\"wp-block-heading\"><strong>Datenschutzerkl\u00e4rung der LEGO\u00ae Modellbaufans Rheinland e.V.<\/strong><\/h2>\n\n\n\n<p>Vielen Dank f\u00fcr Ihr Interesse an den Webseiten der LEGO\u00ae Modellbaufans Rheinland e.V.<\/p>\n\n\n\n<p>Wir nehmen das Thema Datenschutz sehr ernst.<\/p>\n\n\n\n<h2 class=\"wp-block-heading\">1. Datenschutz auf einen Blick<\/h2>\n\n\n\n<h3 class=\"wp-block-heading\"><strong>Allgemeine Hinweise<\/strong><\/h3>\n\n\n\n<p>Sie k\u00f6nnen unsere Webseiten grunds\u00e4tzlich ohne jede Angabe personenbezogener Daten nutzen.<\/p>\n\n\n\n<p>Die folgenden Hinweise geben einen einfachen \u00dcberblick dar\u00fcber, was mit Ihren personenbezogenen Daten passiert, wenn Sie unsere Website besuchen. Personenbezogene Daten sind alle Daten, mit denen Sie pers\u00f6nlich identifiziert werden k\u00f6nnen. Ausf\u00fchrliche Informationen zum Thema Datenschutz entnehmen Sie unserer unter diesem Text aufgef\u00fchrten Datenschutzerkl\u00e4rung.<\/p>\n\n\n\n<h3 class=\"wp-block-heading\"><strong>Datenerfassung auf unserer Website<\/strong><\/h3>\n\n\n\n<p><strong>Wer ist verantwortlich f\u00fcr die Datenerfassung auf dieser Website?<\/strong><\/p>\n\n\n\n<p>Die Datenverarbeitung auf dieser Webseite erfolgt durch den Webseitenbetreiber.<\/p>\n\n\n\n<p>Dabei handelt es sich um den:<\/p>\n\n\n\n<p><strong>LEGO\u00ae Modellbaufans Rheinland e.V. (kurz: MBFR e.V.)<\/strong><\/p>\n\n\n\n<p><strong>Soester Stra\u00dfe 15<\/strong><\/p>\n\n\n\n<p><strong>59071 Hamm<\/strong><\/p>\n\n\n\n<p>Vereinsregister: Amtsgericht K\u00f6ln VR 100807<\/p>\n\n\n\n<p>Steuernummer 222\/5741\/0819<\/p>\n\n\n\n<p><strong>Wie erfassen wir Ihre Daten?<\/strong><\/p>\n\n\n\n<p>Ihre Daten werden zum einen dadurch erhoben, dass Sie uns diese mitteilen. Hierbei kann es sich z.B. um Daten handeln, die Sie in ein Kontaktformular oder ein Anmeldeformular f\u00fcr ein Event eingeben.<\/p>\n\n\n\n<p>Andere Daten werden automatisch beim Besuch der Website durch unsere IT-Systeme erfasst. Das sind vor allem technische Daten (z.B. Internetbrowser, Betriebssystem oder Uhrzeit des Seitenaufrufs). Die Erfassung dieser Daten erfolgt automatisch, sobald Sie unsere Website betreten.<\/p>\n\n\n\n<p>Sofern Sie sich auf unserer Internetseite registrieren, ist die Angabe eines Benutzernamens, einer Email-Adresse und eines Passwortes erforderlich.<\/p>\n\n\n\n<p><strong>Wof\u00fcr nutzen wir Ihre Daten?<\/strong><\/p>\n\n\n\n<p>Ein Teil der Daten wird erhoben, um eine fehlerfreie Bereitstellung der Website zu gew\u00e4hrleisten.<\/p>\n\n\n\n<p>Diese Informationen sind technisch notwendig, um von Ihnen angeforderte Inhalte von Webseiten korrekt auszuliefern und fallen bei Nutzung des Internets zwingend an. Sie werden insbesondere zu folgenden Zwecken verarbeitet:<\/p>\n\n\n\n<ul class=\"wp-block-list\">\n<li>Sicherstellung eines problemlosen Verbindungsaufbaus der Webseiten<\/li>\n\n\n\n<li>Sicherstellung einer reibungslosen Nutzung unserer Webseiten,<\/li>\n\n\n\n<li>Auswertung der Systemsicherheit und -stabilit\u00e4t sowie<\/li>\n\n\n\n<li>zu weiteren administrativen Zwecken.<\/li>\n<\/ul>\n\n\n\n<p><strong>Welche Rechte haben Sie bez\u00fcglich Ihrer Daten?<\/strong><\/p>\n\n\n\n<p>Sie haben jederzeit das Recht unentgeltlich Auskunft \u00fcber Herkunft, Empf\u00e4nger und Zweck Ihrer gespeicherten personenbezogenen Daten zu erhalten. Sie haben au\u00dferdem ein Recht, die Berichtigung, Sperrung oder L\u00f6schung dieser Daten zu verlangen. Hierzu sowie zu weiteren Fragen zum Thema Datenschutz k\u00f6nnen Sie sich jederzeit unter der im Impressum angegebenen Adresse an uns wenden. Des Weiteren steht Ihnen ein Beschwerderecht bei der zust\u00e4ndigen Aufsichtsbeh\u00f6rde zu.<\/p>\n\n\n\n<p>Au\u00dferdem haben Sie das Recht, unter bestimmten Umst\u00e4nden die Einschr\u00e4nkung der Verarbeitung Ihrer personenbezogenen Daten zu verlangen. Details hierzu entnehmen Sie der Datenschutzerkl\u00e4rung unter \u201eRecht auf Einschr\u00e4nkung der Verarbeitung\u201c.<\/p>\n\n\n\n<h2 class=\"wp-block-heading\">2. Allgemeine Hinweise und Pflichtinformationen<\/h2>\n\n\n\n<h3 class=\"wp-block-heading\">Datenschutz<\/h3>\n\n\n\n<p>Die Betreiber dieser Seiten nehmen den Schutz Ihrer pers\u00f6nlichen Daten sehr ernst. Wir behandeln Ihre personenbezogenen Daten vertraulich und entsprechend der gesetzlichen Datenschutzvorschriften sowie dieser Datenschutzerkl\u00e4rung.<\/p>\n\n\n\n<p>Wenn Sie diese Website benutzen, werden verschiedene personenbezogene Daten erhoben. Personenbezogene Daten sind Daten, mit denen Sie pers\u00f6nlich identifiziert werden k\u00f6nnen. Die vorliegende Datenschutzerkl\u00e4rung erl\u00e4utert, welche Daten wir erheben und wof\u00fcr wir sie nutzen. Sie erl\u00e4utert auch, wie und zu welchem Zweck das geschieht.<\/p>\n\n\n\n<p>Die im MBFR e.V. Verantwortlichen f\u00fcr den Verein haben zahlreiche technische und organisatorische Ma\u00dfnahmen umgesetzt, um einen m\u00f6glichst l\u00fcckenlosen Schutz der \u00fcber unsere Webseite verarbeiteten personenbezogenen Daten sicherzustellen. Daten\u00fcbertragungen \u00fcber das Internet k\u00f6nnen aber grunds\u00e4tzlich Sicherheitsl\u00fccken enthalten. Es kann somit kein hundertprozentiger Schutz gew\u00e4hrleistet werden. Daher kann uns jede betroffene Person nat\u00fcrlich auch alternativ z.B. per Telefon personenbezogene Daten \u00fcbermitteln.<\/p>\n\n\n\n<h3 class=\"wp-block-heading\">Hinweis zur verantwortlichen Stelle<\/h3>\n\n\n\n<p>Die verantwortliche Stelle f\u00fcr die Datenverarbeitung auf dieser Webseite ist:<\/p>\n\n\n\n<p>LEGO\u00ae Modellbaufans Rheinland e.V.<\/p>\n\n\n\n<p>Soester Stra\u00dfe 15<\/p>\n\n\n\n<p>59071 Hamm<\/p>\n\n\n\n<p>E-Mail: vorstand(at)mbfr.org<\/p>\n\n\n\n<p>Ansprechpartner:<\/p>\n\n\n\n<p>Vorsitzender J\u00f6rg Brormann<\/p>\n\n\n\n<p>Verantwortliche Stelle ist die nat\u00fcrliche oder juristische Person, die allein oder gemeinsam mit anderen \u00fcber die Zwecke und Mittel der Verarbeitung von personenbezogenen Daten (z.B. Namen, Email-Adressen o. \u00e4.) entscheidet.<\/p>\n\n\n\n<h3 class=\"wp-block-heading\">Widerruf Ihrer Einwilligung zur Datenverarbeitung<\/h3>\n\n\n\n<p>Viele Datenverarbeitungsvorg\u00e4nge sind nur mit Ihrer ausdr\u00fccklichen Einwilligung m\u00f6glich. Sie k\u00f6nnen eine bereits erteilte Einwilligung jederzeit widerrufen. Dazu reicht eine formlose Mitteilung per Email an uns. Die Rechtm\u00e4\u00dfigkeit der bis zum Widerruf erfolgten Datenverarbeitung bleibt vom Widerruf unber\u00fchrt.<\/p>\n\n\n\n<h3 class=\"wp-block-heading\">Erhebung und Speicherung personenbezogener Daten sowie Art und Zweck von deren Verwendung<\/h3>\n\n\n\n<p>a) Beim Besuch der Webseite<\/p>\n\n\n\n<p>Beim Aufrufen unserer Webseite werden durch den auf Ihrem Endger\u00e4t zum Einsatz kommenden Browser automatisch Informationen an den Server unserer Webseite gesendet. Diese Informationen werden tempor\u00e4r in einem sog. Logfile gespeichert. Folgende Informationen werden dabei ohne Ihr Zutun erfasst und bis zur automatisierten L\u00f6schung gespeichert:<\/p>\n\n\n\n<ul class=\"wp-block-list\">\n<li>IP-Adresse des anfragenden Rechners,<\/li>\n\n\n\n<li>Datum und Uhrzeit des Zugriffs,<\/li>\n\n\n\n<li>Name und URL der abgerufenen Datei,<\/li>\n\n\n\n<li>Website, von der aus der Zugriff erfolgt (Referrer-URL),<\/li>\n\n\n\n<li>verwendeter Browser und ggf. das Betriebssystem Ihres Rechners sowie der Name Ihres Access-Providers.<\/li>\n<\/ul>\n\n\n\n<p>Die genannten Daten werden durch uns zu folgenden Zwecken verarbeitet:<\/p>\n\n\n\n<ul class=\"wp-block-list\">\n<li>Gew\u00e4hrleistung eines reibungslosen Verbindungsaufbaus der Webseite,<\/li>\n\n\n\n<li>Gew\u00e4hrleistung einer komfortablen Nutzung unserer Webseite,<\/li>\n\n\n\n<li>Auswertung der Systemsicherheit und -stabilit\u00e4t sowie<\/li>\n\n\n\n<li>zu weiteren administrativen Zwecken.<\/li>\n<\/ul>\n\n\n\n<p>Die Rechtsgrundlage f\u00fcr die Datenverarbeitung ist Art. 6 Abs. 1 S. 1 lit. f DSGVO. Unser berechtigtes Interesse folgt aus oben aufgelisteten Zwecken zur Datenerhebung. In keinem Fall verwenden wir die erhobenen Daten zu dem Zweck, R\u00fcckschl\u00fcsse auf Ihre Person zu ziehen.<\/p>\n\n\n\n<p>Dar\u00fcber hinaus setzen wir beim Besuch der MBFR &#8211; Webseiten Cookies ein. N\u00e4here Erl\u00e4uterungen dazu erhalten Sie an sp\u00e4terer Stelle.<\/p>\n\n\n\n<h3 class=\"wp-block-heading\">Verarbeitungst\u00e4tigkeiten beim MBFR e.V.<\/h3>\n\n\n\n<p>Beim MBFR e.V. werden Daten erhoben und verarbeitet. Au\u00dferhalb der Webseiten werden die Mitgliedsdaten erfasst. Diese schl\u00fcsseln sich wie folgt auf:<\/p>\n\n\n\n<p>\u2013 Mitgliederverwaltung:<\/p>\n\n\n\n<blockquote class=\"wp-block-quote is-layout-flow wp-block-quote-is-layout-flow\">\n<p>a) Mitgliedsnummer<br>b) Name<br>c) Vorname<br>d) Nickname<br>e) Geburtsdatum<br>f) Stra\u00dfe, PLZ \/ Ort<br>g) Telefon (Festnetz \/ Mobil sofern angegeben)<br>h) Email-Adresse<br>i) Eintrittsdatum<br>j) Mitgliedsart\/Beitragsart<br>k) Konfektionsgr\u00f6\u00dfe f\u00fcr Vereinsbekleidung (sofern angegeben)<\/p>\n<\/blockquote>\n\n\n\n<p>\u2013 Organisation von Events rund um das Thema LEGO\u00ae<\/p>\n\n\n\n<p>Hier werden je nach Event verschiedene Daten erhoben. Mindestens werden aber erfasst:<\/p>\n\n\n\n<blockquote class=\"wp-block-quote is-layout-flow wp-block-quote-is-layout-flow\">\n<p>a) Name, Vorname, Nickname<br>b) Email-Adresse<br>c) Modelle samt Gr\u00f6\u00dfen, Steineanzahl und Versicherungswert<\/p>\n<\/blockquote>\n\n\n\n<p>Im Fall der Durchf\u00fchrung der LEGO\u00ae Fanwelt werden weitere Daten von den Teilnehmern erfasst, die auf der Anmeldeseite zur LEGO\u00ae Fanwelt n\u00e4her erl\u00e4utert werden. Hier arbeitet der MBFR e.V. mit dem Auftragsverarbeiter Messe Sinsheim GmbH zusammen, der die 4 Daten gem\u00e4\u00df der Vereinbarung zur Durchf\u00fchrung der LEGO\u00ae Fanwelt verarbeitet.<\/p>\n\n\n\n<p>Der MBFR e.V. legt folgenden Empf\u00e4ngern die personenbezogenen Daten seiner Mitglieder offen:<\/p>\n\n\n\n<p>\u2013 MoBa Modellbahnverband in Deutschland e.V., Kapitelstrasse 70, D-41460 Neuss<\/p>\n\n\n\n<p>Der MBFR e.V. legt folgenden Empf\u00e4ngern die personenbezogenen Daten seiner Mitglieder und der Teilnehmer einer vom MBFR e.V. organisierten Veranstaltung offen:<\/p>\n\n\n\n<p>\u2013 ausschlie\u00dflich im Versicherungsfall der LVM-Versicherung als Ausstellungs-\/Mitgliedsversicherer<\/p>\n\n\n\n<p>Die oben angegebenen Daten werden nach Beendigung der Mitgliedschaft bzw. nach Beendigung eines vom MBFR e.V. organisierten Events gel\u00f6scht. Die entsprechenden Personenkreise sind \u00fcber die Verarbeitung informiert worden.<\/p>\n\n\n\n<h3 class=\"wp-block-heading\">Widerspruchsrecht gegen die Datenerhebung in besonderen F\u00e4llen sowie gegen Direktwerbung (Art. 21 DSGVO)<\/h3>\n\n\n\n<p>Wenn die Datenverarbeitung auf Grundlage von Art. 6 Abs. 1 lit. e oder f DSGVO erfolgt, haben Sie jederzeit das Recht, aus Gr\u00fcnden, die sich aus Ihrer besonderen Situation ergeben, gegen die Verarbeitung Ihrer personenbezogenen Daten Widerspruch einzulegen; dies gilt auch f\u00fcr ein auf diese Bestimmungen gest\u00fctztes Profiling. Die jeweilige Rechtsgrundlage, auf denen eine Verarbeitung beruht, entnehmen Sie dieser Datenschutzerkl\u00e4rung. Wenn Sie Widerspruch einlegen, werden wir Ihre betroffenen personenbezogenen Daten nicht mehr verarbeiten, es sei denn, wir k\u00f6nnen zwingende schutzw\u00fcrdige Gr\u00fcnde f\u00fcr die Verarbeitung nachweisen, die Ihre Interessen, Rechte und Freiheiten \u00fcberwiegen oder die Verarbeitung dient der Geltendmachung, Aus\u00fcbung oder Verteidigung von Rechtsanspr\u00fcchen (Widerspruch nach Art. 21 Abs. 1 DSGVO).<\/p>\n\n\n\n<p>Werden Ihre personenbezogenen Daten verarbeitet, um Direktwerbung zu betreiben, so haben Sie das Recht, jederzeit Widerspruch gegen die Verarbeitung Sie betreffender personenbezogener Daten zum Zwecke derartiger Werbung einzulegen; dies gilt auch f\u00fcr das Profiling, soweit es mit solcher Direktwerbung in Verbindung steht. Wenn Sie widersprechen, werden Ihre personenbezogenen Daten anschlie\u00dfend nicht mehr zum Zwecke der Direktwerbung verwendet (Widerspruch nach Art. 21 Abs. 2 DSGVO).<\/p>\n\n\n\n<h3 class=\"wp-block-heading\">Beschwerderecht bei der zust\u00e4ndigen Aufsichtsbeh\u00f6rde<\/h3>\n\n\n\n<p>Im Falle von Verst\u00f6\u00dfen gegen die DSGVO steht den Betroffenen ein Beschwerderecht bei einer Aufsichtsbeh\u00f6rde, insbesondere in dem Mitgliedstaat ihres gew\u00f6hnlichen Aufenthalts, ihres Arbeitsplatzes oder des Orts des mutma\u00dflichen Versto\u00dfes zu. Das Beschwerderecht besteht unbeschadet anderweitiger verwaltungsrechtlicher oder gerichtlicher Rechtsbehelfe.<\/p>\n\n\n\n<h3 class=\"wp-block-heading\">Recht auf Daten\u00fcbertragbarkeit<\/h3>\n\n\n\n<p>Sie haben das Recht, Daten, die wir auf Grundlage Ihrer Einwilligung oder in Erf\u00fcllung eines Vertrags automatisiert verarbeiten, an sich oder an einen Dritten in einem g\u00e4ngigen, maschinenlesbaren Format aush\u00e4ndigen zu lassen. Sofern Sie die direkte \u00dcbertragung der Daten an einen anderen Verantwortlichen verlangen, erfolgt dies nur, soweit es technisch machbar ist.<\/p>\n\n\n\n<h3 class=\"wp-block-heading\">Auskunft, Sperrung, L\u00f6schung und Berichtigung<\/h3>\n\n\n\n<p>Sie haben im Rahmen der geltenden gesetzlichen Bestimmungen jederzeit das Recht auf unentgeltliche Auskunft \u00fcber Ihre gespeicherten personenbezogenen Daten, deren Herkunft und Empf\u00e4nger und den Zweck der Datenverarbeitung und ggf. ein Recht auf Berichtigung, Sperrung oder L\u00f6schung dieser Daten. Hierzu sowie zu weiteren Fragen zum Thema personenbezogene Daten k\u00f6nnen Sie sich jederzeit unter der oben angegebenen Adresse an uns wenden.<\/p>\n\n\n\n<h3 class=\"wp-block-heading\">Recht auf Einschr\u00e4nkung der Verarbeitung<\/h3>\n\n\n\n<p>Sie haben das Recht, die Einschr\u00e4nkung der Verarbeitung Ihrer personenbezogenen Daten zu verlangen. Hierzu k\u00f6nnen Sie sich jederzeit unter der im Impressum angegebenen Adresse an uns wenden. Das Recht auf Einschr\u00e4nkung der Verarbeitung besteht in folgenden F\u00e4llen:<\/p>\n\n\n\n<ul class=\"wp-block-list\">\n<li>Wenn Sie die Richtigkeit Ihrer bei uns gespeicherten personenbezogenen Daten bestreiten, ben\u00f6tigen wir in der Regel Zeit, um dies zu \u00fcberpr\u00fcfen. F\u00fcr die Dauer der Pr\u00fcfung haben Sie das Recht, die Einschr\u00e4nkung der Verarbeitung Ihrer personenbezogenen Daten zu verlangen.<\/li>\n\n\n\n<li>Wenn die Verarbeitung Ihrer personenbezogenen Daten unrechtm\u00e4\u00dfig geschah \/ geschieht, k\u00f6nnen Sie statt der L\u00f6schung die Einschr\u00e4nkung der Datenverarbeitung verlangen.<\/li>\n\n\n\n<li>Wenn wir Ihre personenbezogenen Daten nicht mehr ben\u00f6tigen, Sie sie jedoch zur Aus\u00fcbung, Verteidigung oder Geltendmachung von Rechtsanspr\u00fcchen ben\u00f6tigen, haben Sie das Recht, statt der L\u00f6schung die Einschr\u00e4nkung der Verarbeitung Ihrer personenbezogenen Daten zu verlangen.<\/li>\n\n\n\n<li>Wenn Sie einen Widerspruch nach Art. 21 Abs. 1 DSGVO eingelegt haben, muss eine Abw\u00e4gung zwischen Ihren und unseren Interessen vorgenommen werden. Solange noch nicht feststeht, wessen Interessen \u00fcberwiegen, haben Sie das Recht, die Einschr\u00e4nkung der Verarbeitung Ihrer personenbezogenen Daten zu verlangen.<\/li>\n<\/ul>\n\n\n\n<p>Wenn Sie die Verarbeitung Ihrer personenbezogenen Daten eingeschr\u00e4nkt haben, d\u00fcrfen diese Daten \u2013 von ihrer Speicherung abgesehen \u2013 nur mit Ihrer Einwilligung oder zur Geltendmachung, Aus\u00fcbung oder Verteidigung von Rechtsanspr\u00fcchen oder zum Schutz der Rechte einer anderen nat\u00fcrlichen oder juristischen Person oder aus Gr\u00fcnden eines wichtigen \u00f6ffentlichen Interesses der Europ\u00e4ischen Union oder eines Mitgliedstaats verarbeitet werden.<\/p>\n\n\n\n<h3 class=\"wp-block-heading\">Widerspruch gegen Werbe-Emails<\/h3>\n\n\n\n<p>Der Nutzung von im Rahmen der Impressumspflicht ver\u00f6ffentlichten Kontaktdaten zur \u00dcbersendung von nicht ausdr\u00fccklich angeforderter Werbung und Informationsmaterialien wird hiermit widersprochen. Die Betreiber der Seiten behalten sich ausdr\u00fccklich rechtliche Schritte im Falle der unverlangten Zusendung von Werbeinformationen, etwa durch Spam-Emails, vor.<\/p>\n\n\n\n<h2 class=\"wp-block-heading\">3. Datenschutzbeauftragter<\/h2>\n\n\n\n<h3 class=\"wp-block-heading\">Gesetzlich vorgeschriebener Datenschutzbeauftragter<\/h3>\n\n\n\n<p>Zust\u00e4ndig f\u00fcr den Schutz personenbezogener Daten ist der Vorstand. Wenn im Verein mehr als neun Personen mit der Datenverarbeitung besch\u00e4ftigt sind, muss der Vorstand einen Datenschutzbeauftragten bestellen, der selbst nicht Vorstandsmitglied sein darf.<\/p>\n\n\n\n<p>Im MBFR e.V. haben neben den f\u00fcnf Vorstandsmitgliedern vier weitere Mitglieder Zugriff auf Daten der Mitglieder.<\/p>\n\n\n\n<p>Ein Datenschutzbeauftragter wird daher nicht benannt.<\/p>\n\n\n\n<p>Sie erreichen den Verein unter: vorstand(at)mbfr.org<\/p>\n\n\n\n<h2 class=\"wp-block-heading\">4. Datenerfassung auf unserer Webseite<\/h2>\n\n\n\n<h3 class=\"wp-block-heading\">Cookies<\/h3>\n\n\n\n<p>Die Internetseiten verwenden teilweise so genannte Cookies. Cookies richten auf Ihrem Rechner keinen Schaden an und enthalten keine Viren. Cookies dienen dazu, unser Angebot nutzerfreundlicher, effektiver und sicherer zu machen. Cookies sind kleine Textdateien, die auf Ihrem Rechner abgelegt werden und die Ihr Browser speichert.<\/p>\n\n\n\n<p>Die meisten der von uns verwendeten Cookies sind so genannte \u201cSession-Cookies\u201d. Sie werden nach Ende Ihres Besuchs automatisch gel\u00f6scht. Andere Cookies bleiben auf Ihrem Endger\u00e4t gespeichert bis Sie diese l\u00f6schen. Diese Cookies erm\u00f6glichen es uns, Ihren Browser beim n\u00e4chsten Besuch wiederzuerkennen.<\/p>\n\n\n\n<p>Sie k\u00f6nnen Ihren Browser so einstellen, dass Sie \u00fcber das Setzen von Cookies informiert werden und Cookies nur im Einzelfall erlauben, die Annahme von Cookies f\u00fcr bestimmte F\u00e4lle oder generell ausschlie\u00dfen sowie das automatische L\u00f6schen der Cookies beim Schlie\u00dfen des Browser aktivieren. Bei der Deaktivierung von Cookies kann die Funktionalit\u00e4t dieser Website eingeschr\u00e4nkt sein.<\/p>\n\n\n\n<p>Cookies, die zur Durchf\u00fchrung des elektronischen Kommunikationsvorgangs oder zur Bereitstellung bestimmter, von Ihnen erw\u00fcnschter Funktionen (z.B. Warenkorbfunktion) erforderlich sind, werden auf Grundlage von Art. 6 Abs. 1 lit. f DSGVO gespeichert. Der Webseitenbetreiber hat ein berechtigtes Interesse an der Speicherung von Cookies zur technisch fehlerfreien und optimierten Bereitstellung seiner Dienste. Soweit andere Cookies (z.B. Cookies zur Analyse Ihres Surfverhaltens) gespeichert werden, werden diese in dieser Datenschutzerkl\u00e4rung gesondert behandelt.<\/p>\n\n\n\n<h3 class=\"wp-block-heading\">Server-Log-Dateien<\/h3>\n\n\n\n<p>Der Provider der Seiten erhebt und speichert automatisch Informationen in so genannten Server- Log-Dateien, die Ihr Browser automatisch an uns \u00fcbermittelt. Dies sind:<\/p>\n\n\n\n<ul class=\"wp-block-list\">\n<li>Browsertyp und Browserversion<\/li>\n\n\n\n<li>verwendetes Betriebssystem<\/li>\n\n\n\n<li>Referrer URL<\/li>\n\n\n\n<li>Hostname des zugreifenden Rechners<\/li>\n\n\n\n<li>Uhrzeit der Serveranfrage<\/li>\n\n\n\n<li>IP-Adresse<\/li>\n<\/ul>\n\n\n\n<p>Eine Zusammenf\u00fchrung dieser Daten mit anderen Datenquellen wird nicht vorgenommen.<\/p>\n\n\n\n<p>Die Erfassung dieser Daten erfolgt auf Grundlage von Art. 6 Abs. 1 lit. f DSGVO. Der Webseitenbetreiber hat ein berechtigtes Interesse an der technisch fehlerfreien Darstellung und der Optimierung seiner Website \u2013 hierzu m\u00fcssen die Server-Log-Files erfasst werden.<\/p>\n\n\n\n<h3 class=\"wp-block-heading\">Kontaktformular<\/h3>\n\n\n\n<p>Wenn Sie uns per Kontaktformular Anfragen bzw. Anmeldungen f\u00fcr MBFR &#8211; Events zukommen lassen, werden Ihre Angaben aus dem Kontaktformular inklusive der von Ihnen dort angegebenen Kontaktdaten zwecks Bearbeitung der Anfrage und f\u00fcr den Fall von Anschlussfragen bei uns gespeichert. Diese Daten geben wir nicht ohne Ihre Einwilligung weiter.<\/p>\n\n\n\n<p>Die Verarbeitung der in das Kontaktformular eingegebenen Daten erfolgt somit ausschlie\u00dflich auf Grundlage Ihrer Einwilligung (Art. 6 Abs. 1 lit. a DSGVO). Sie k\u00f6nnen diese Einwilligung jederzeit widerrufen. Dazu reicht eine formlose Mitteilung per E-Mail an uns. Die Rechtm\u00e4\u00dfigkeit der bis zum Widerruf erfolgten Datenverarbeitungsvorg\u00e4nge bleibt vom Widerruf unber\u00fchrt.<\/p>\n\n\n\n<p>Die von Ihnen im Kontaktformular eingegebenen Daten verbleiben bei uns, bis Sie uns zur L\u00f6schung auffordern, Ihre Einwilligung zur Speicherung widerrufen oder der Zweck f\u00fcr die Datenspeicherung entf\u00e4llt (z.B. nach abgeschlossener Bearbeitung Ihrer Anfrage bzw. nach Ende des MBFR &#8211; Events). Zwingende gesetzliche Bestimmungen \u2013 insbesondere Aufbewahrungsfristen \u2013 bleiben unber\u00fchrt.<\/p>\n\n\n\n<h3 class=\"wp-block-heading\">Verarbeiten von Daten (Mitglieder- und Nichtmitgliederdaten)<\/h3>\n\n\n\n<p>Vereinsmitglieder:<\/p>\n\n\n\n<p>Vereinsmitglieder m\u00fcssen dem Verein keine Erlaubnis zum Erheben, Verarbeiten und Nutzen der Daten geben, da sie im Rahmen einer vertraglichen Beziehung erhoben werden m\u00fcssen. Diese vertragliche Beziehung ist bei Vereinen die Mitgliedschaft. Die f\u00fcr die Mitgliederverwaltung erforderlichen Daten d\u00fcrfen also in jedem Fall verwendet werden.<\/p>\n\n\n\n<p>Das Erheben, Speichern, \u00c4ndern oder \u00dcbermitteln personenbezogener Daten oder ihre Nutzung ist nur zul\u00e4ssig, wenn dies f\u00fcr die Erf\u00fcllung des Vereinszweckes erforderlich ist. Das gilt insbesondere f\u00fcr Anschrift und Bankdaten der Mitglieder.<\/p>\n\n\n\n<p>Nicht-Mitglieder:<\/p>\n\n\n\n<p>Wir erheben, verarbeiten und nutzen personenbezogene Daten nur, soweit sie f\u00fcr die Begr\u00fcndung, inhaltliche Ausgestaltung oder \u00c4nderung des Rechtsverh\u00e4ltnisses erforderlich sind (Bestandsdaten). Dies erfolgt auf Grundlage von Art. 6 Abs. 1 lit. b DSGVO, der die Verarbeitung von Daten zur Erf\u00fcllung eines Vertrags oder vorvertraglicher Ma\u00dfnahmen gestattet. Personenbezogene Daten \u00fcber die Inanspruchnahme unserer Internetseiten (Nutzungsdaten) erheben, verarbeiten und nutzen wir nur, soweit dies erforderlich ist, um dem Nutzer die Inanspruchnahme des Dienstes zu erm\u00f6glichen oder abzurechnen.<\/p>\n\n\n\n<p>Allgemein:<\/p>\n\n\n\n<p>Alle erhobenen Daten mit Ausnahme des Benutzernamens werden f\u00fcr Dritte unzug\u00e4nglich gespeichert und nicht ver\u00f6ffentlicht. Hierbei kommen Verschl\u00fcsselungsverfahren gem\u00e4\u00df aktuellem Stand der Technik zum Einsatz. Die Daten sind auf einem Server mit Standort in Deutschland gesichert, mit unserem Webhoster haben wir diesbez\u00fcglich auf Grundlage des Artikel 28 DSGVO einen Auftragsverarbeitungsvertrag geschlossen.<\/p>\n\n\n\n<p>Alle erhobenen Daten werden grunds\u00e4tzlich nicht an Dritte weitergegeben oder verkauft. Auf Anordnung der zust\u00e4ndigen Stellen d\u00fcrfen wir im Einzelfall Auskunft \u00fcber Ihre Daten erteilen, soweit dies f\u00fcr Zwecke der Strafverfolgung, zur Gefahrenabwehr durch die Polizeibeh\u00f6rden der L\u00e4nder, zur Erf\u00fcllung der gesetzlichen Aufgaben der Verfassungsschutzbeh\u00f6rden des Bundes und der L\u00e4nder, des Bundesnachrichtendienstes oder des Milit\u00e4rischen Abschirmdienstes oder des Bundeskriminalamtes im Rahmen seiner Aufgabe zur Abwehr von Gefahren des internationalen Terrorismus oder zur Durchsetzung der Rechte am geistigen Eigentum erforderlich ist.<\/p>\n\n\n\n<p>Alle Daten werden gem. Artikel 17 und 18 DSGVO gel\u00f6scht, sobald sie f\u00fcr ihre Zweckbestimmung nicht mehr erforderlich sind und der L\u00f6schung keine gesetzlichen Aufbewahrungspflichten entgegenstehen.<\/p>\n\n\n\n<p>Die erhobenen Kundendaten werden nach Abschluss des Auftrags oder Beendigung der Gesch\u00e4ftsbeziehung gel\u00f6scht. Gesetzliche Aufbewahrungsfristen bleiben unber\u00fchrt.<\/p>\n\n\n\n<h3 class=\"wp-block-heading\">Daten\u00fcbermittlung bei Vertragsschluss f\u00fcr Dienstleistungen und digitale Inhalte<\/h3>\n\n\n\n<p>Wir \u00fcbermitteln personenbezogene Daten an Dritte nur dann, wenn dies im Rahmen der Vertragsabwicklung notwendig ist, etwa an das mit der Zahlungsabwicklung beauftragte Kreditinstitut oder entsprechend benannte Event &#8211; Partner, wie die Messe Sinsheim GmbH.<\/p>\n\n\n\n<p>Eine weitergehende \u00dcbermittlung der Daten erfolgt nicht bzw. nur dann, wenn Sie der \u00dcbermittlung ausdr\u00fccklich zugestimmt haben. Eine Weitergabe Ihrer Daten an Dritte ohne ausdr\u00fcckliche Einwilligung, etwa zu Zwecken der Werbung, erfolgt nicht.<\/p>\n\n\n\n<p>Grundlage f\u00fcr die Datenverarbeitung ist Art. 6 Abs. 1 lit. b DSGVO, der die Verarbeitung von Daten zur Erf\u00fcllung eines Vertrags oder vorvertraglicher Ma\u00dfnahmen gestattet.<\/p>\n\n\n\n<p>Stand 10\/2025<\/p>\n\n\n\n<p><\/p>\n","protected":false},"excerpt":{"rendered":"<p>Datenschutzerkl\u00e4rung der LEGO\u00ae Modellbaufans Rheinland e.V. Vielen Dank f\u00fcr Ihr Interesse an den Webseiten der LEGO\u00ae Modellbaufans Rheinland e.V. Wir nehmen das Thema Datenschutz sehr ernst. 1. Datenschutz auf einen Blick Allgemeine Hinweise Sie k\u00f6nnen unsere Webseiten grunds\u00e4tzlich ohne jede Angabe personenbezogener Daten nutzen. Die folgenden Hinweise geben einen einfachen \u00dcberblick dar\u00fcber, was mit Ihren [&hellip;]<\/p>\n","protected":false},"author":1,"featured_media":0,"parent":0,"menu_order":0,"comment_status":"closed","ping_status":"open","template":"","meta":{"_bbp_topic_count":0,"_bbp_reply_count":0,"_bbp_total_topic_count":0,"_bbp_total_reply_count":0,"_bbp_voice_count":0,"_bbp_anonymous_reply_count":0,"_bbp_topic_count_hidden":0,"_bbp_reply_count_hidden":0,"_bbp_forum_subforum_count":0,"footnotes":""},"class_list":["post-3","page","type-page","status-publish","hentry"],"_links":{"self":[{"href":"https:\/\/mbfr.org\/index.php\/wp-json\/wp\/v2\/pages\/3","targetHints":{"allow":["GET"]}}],"collection":[{"href":"https:\/\/mbfr.org\/index.php\/wp-json\/wp\/v2\/pages"}],"about":[{"href":"https:\/\/mbfr.org\/index.php\/wp-json\/wp\/v2\/types\/page"}],"author":[{"embeddable":true,"href":"https:\/\/mbfr.org\/index.php\/wp-json\/wp\/v2\/users\/1"}],"replies":[{"embeddable":true,"href":"https:\/\/mbfr.org\/index.php\/wp-json\/wp\/v2\/comments?post=3"}],"version-history":[{"count":5,"href":"https:\/\/mbfr.org\/index.php\/wp-json\/wp\/v2\/pages\/3\/revisions"}],"predecessor-version":[{"id":107,"href":"https:\/\/mbfr.org\/index.php\/wp-json\/wp\/v2\/pages\/3\/revisions\/107"}],"wp:attachment":[{"href":"https:\/\/mbfr.org\/index.php\/wp-json\/wp\/v2\/media?parent=3"}],"curies":[{"name":"wp","href":"https:\/\/api.w.org\/{rel}","templated":true}]}}